{"id":7,"date":"2023-02-25T12:15:05","date_gmt":"2023-02-25T12:15:05","guid":{"rendered":"http:\/\/xn--brneuniverset-bnb.dk\/?page_id=7"},"modified":"2025-07-03T16:44:41","modified_gmt":"2025-07-03T18:44:41","slug":"boerneuniverset","status":"publish","type":"page","link":"https:\/\/xn--brneuniverset-bnb.dk\/","title":{"rendered":"B\u00f8rneuniverset hjemmetr\u00e6ning"},"content":{"rendered":"\t\t<div data-elementor-type=\"wp-page\" data-elementor-id=\"7\" class=\"elementor elementor-7\">\n\t\t\t\t\t\t<section class=\"elementor-section elementor-top-section elementor-element elementor-element-faa7d21 elementor-section-full_width elementor-section-height-min-height elementor-section-height-default elementor-section-items-middle\" data-id=\"faa7d21\" data-element_type=\"section\" data-e-type=\"section\" data-settings=\"{&quot;background_background&quot;:&quot;slideshow&quot;,&quot;background_slideshow_gallery&quot;:[{&quot;id&quot;:2926,&quot;url&quot;:&quot;https:\\\/\\\/xn--brneuniverset-bnb.dk\\\/wp-content\\\/uploads\\\/2023\\\/04\\\/dreng-i-gule-blade-med-mor-scaled.jpg&quot;},{&quot;id&quot;:3752,&quot;url&quot;:&quot;https:\\\/\\\/xn--brneuniverset-bnb.dk\\\/wp-content\\\/uploads\\\/2023\\\/04\\\/far-datter-scaled.jpg&quot;}],&quot;background_slideshow_ken_burns&quot;:&quot;yes&quot;,&quot;background_slideshow_slide_duration&quot;:2000,&quot;background_slideshow_transition_duration&quot;:7000,&quot;background_slideshow_ken_burns_zoom_direction&quot;:&quot;out&quot;,&quot;background_slideshow_loop&quot;:&quot;yes&quot;,&quot;background_slideshow_slide_transition&quot;:&quot;fade&quot;}\">\n\t\t\t\t\t\t<div class=\"elementor-container elementor-column-gap-default\">\n\t\t\t\t\t<div class=\"elementor-column elementor-col-33 elementor-top-column elementor-element elementor-element-3a8cdc9\" data-id=\"3a8cdc9\" data-element_type=\"column\" data-e-type=\"column\">\n\t\t\t<div class=\"elementor-widget-wrap elementor-element-populated\">\n\t\t\t\t\t\t<div class=\"elementor-element elementor-element-632e6bc animated-slow elementor-invisible elementor-widget elementor-widget-text-editor\" data-id=\"632e6bc\" data-element_type=\"widget\" data-e-type=\"widget\" data-settings=\"{&quot;_animation&quot;:&quot;fadeInLeft&quot;,&quot;_animation_delay&quot;:600}\" data-widget_type=\"text-editor.default\">\n\t\t\t\t<div class=\"elementor-widget-container\">\n\t\t\t\t\t\t\t\t\t<h2 style=\"text-align: left;\">Velkommen til B\u00f8rneuniversets Hjemmetr\u00e6ning<\/h2><h6>\u00a0<\/h6>\t\t\t\t\t\t\t\t<\/div>\n\t\t\t\t<\/div>\n\t\t\t\t\t<\/div>\n\t\t<\/div>\n\t\t\t\t<div class=\"elementor-column elementor-col-33 elementor-top-column elementor-element elementor-element-7b80d33\" data-id=\"7b80d33\" data-element_type=\"column\" data-e-type=\"column\">\n\t\t\t<div class=\"elementor-widget-wrap elementor-element-populated\">\n\t\t\t\t\t\t\t<\/div>\n\t\t<\/div>\n\t\t\t\t<div class=\"elementor-column elementor-col-33 elementor-top-column elementor-element elementor-element-d7cd6d6\" data-id=\"d7cd6d6\" data-element_type=\"column\" data-e-type=\"column\">\n\t\t\t<div class=\"elementor-widget-wrap elementor-element-populated\">\n\t\t\t\t\t\t<div class=\"elementor-element elementor-element-39757b5 animated-slow elementor-widget__width-initial elementor-invisible elementor-widget elementor-widget-text-editor\" data-id=\"39757b5\" data-element_type=\"widget\" data-e-type=\"widget\" data-settings=\"{&quot;_animation&quot;:&quot;fadeInRight&quot;,&quot;_animation_delay&quot;:600}\" data-widget_type=\"text-editor.default\">\n\t\t\t\t<div class=\"elementor-widget-container\">\n\t\t\t\t\t\t\t\t\t<p style=\"text-align: center;\">&#8230; hvor h\u00f8j faglighed <BR> g\u00e5r h\u00e5nd i h\u00e5nd <BR> med n\u00e6rv\u00e6r og kreativitet.<\/p>\t\t\t\t\t\t\t\t<\/div>\n\t\t\t\t<\/div>\n\t\t\t\t\t<\/div>\n\t\t<\/div>\n\t\t\t\t\t<\/div>\n\t\t<\/section>\n\t\t\t\t<section class=\"elementor-section elementor-top-section elementor-element elementor-element-1738ec40 elementor-section-boxed elementor-section-height-default elementor-section-height-default\" data-id=\"1738ec40\" data-element_type=\"section\" data-e-type=\"section\" id=\"services\" data-settings=\"{&quot;background_background&quot;:&quot;classic&quot;}\">\n\t\t\t\t\t\t<div class=\"elementor-container elementor-column-gap-no\">\n\t\t\t\t\t<div class=\"elementor-column elementor-col-100 elementor-top-column elementor-element elementor-element-a418a4b\" data-id=\"a418a4b\" data-element_type=\"column\" data-e-type=\"column\">\n\t\t\t<div class=\"elementor-widget-wrap elementor-element-populated\">\n\t\t\t\t\t\t<section class=\"elementor-section elementor-inner-section elementor-element elementor-element-f58d84c elementor-section-full_width elementor-section-height-default elementor-section-height-default\" data-id=\"f58d84c\" data-element_type=\"section\" data-e-type=\"section\" data-settings=\"{&quot;background_background&quot;:&quot;classic&quot;}\">\n\t\t\t\t\t\t<div class=\"elementor-container elementor-column-gap-custom\">\n\t\t\t\t\t<div class=\"elementor-column elementor-col-50 elementor-inner-column elementor-element elementor-element-2c47f21\" data-id=\"2c47f21\" data-element_type=\"column\" data-e-type=\"column\">\n\t\t\t<div class=\"elementor-widget-wrap elementor-element-populated\">\n\t\t\t\t\t\t<div class=\"elementor-element elementor-element-ad10e2e elementor-widget elementor-widget-icon-box\" data-id=\"ad10e2e\" data-element_type=\"widget\" data-e-type=\"widget\" data-widget_type=\"icon-box.default\">\n\t\t\t\t<div class=\"elementor-widget-container\">\n\t\t\t\t\t\t\t<div class=\"elementor-icon-box-wrapper\">\n\n\t\t\t\n\t\t\t\t\t\t<div class=\"elementor-icon-box-content\">\n\n\t\t\t\t\t\t\t\t\t<h3 class=\"elementor-icon-box-title\">\n\t\t\t\t\t\t<span  >\n\t\t\t\t\t\t\tVelkommen til <br>B\u00f8rneuniversets Hjemmetr\u00e6ning. \t\t\t\t\t\t<\/span>\n\t\t\t\t\t<\/h3>\n\t\t\t\t\n\t\t\t\t\n\t\t\t<\/div>\n\t\t\t\n\t\t<\/div>\n\t\t\t\t\t\t<\/div>\n\t\t\t\t<\/div>\n\t\t\t\t<div class=\"elementor-element elementor-element-fcd6aef elementor-widget elementor-widget-text-editor\" data-id=\"fcd6aef\" data-element_type=\"widget\" data-e-type=\"widget\" data-widget_type=\"text-editor.default\">\n\t\t\t\t<div class=\"elementor-widget-container\">\n\t\t\t\t\t\t\t\t\tVi har i mange \u00e5r br\u00e6ndt for og arbejdet indenfor specialomr\u00e5det. I vores ergoterapeutiske hjemmetr\u00e6ningskoncept kombinerer vores viden, erfaring og analyserende tilgang med en n\u00e6rv\u00e6rende og skr\u00e6ddersyet indsats. Hos os f\u00e5r I den samme terapeut, der i samarbejde med jer for\u00e6ldre, finder n\u00f8glen og redskaberne til, at jeres barn fortsat udvikler sig og trives.<BR>\n\n<BR>Her p\u00e5 siden kan I l\u00e6se mere &#8220;Om os&#8221;. Under \u201cKonceptet\u201d kan I l\u00e6se mere om vores metoder, og under \u201cM\u00e5lgruppe\u201d kan I l\u00e6se mere om de s\u00e6rlige udfordringer og forskellige diagnoser vi arbejder med. Under \u201c Om Hjemmetr\u00e6ning \u201d finder I svar p\u00e5 typiske sp\u00f8rgsm\u00e5l omkring hjemmetr\u00e6ning generelt, samt mere specifikt hvad vi tilbyder.<BR>\n\n\n<BR>I er altid velkommen til at kontakte os, hvis I har sp\u00f8rgsm\u00e5l om B\u00f8rneuniverset, men ogs\u00e5 hvis I har sp\u00f8rgsm\u00e5l til hjemmetr\u00e6ning generelt.\t\t\t\t\t\t\t\t<\/div>\n\t\t\t\t<\/div>\n\t\t\t\t\t<\/div>\n\t\t<\/div>\n\t\t\t\t<div class=\"elementor-column elementor-col-50 elementor-inner-column elementor-element elementor-element-75e92f5\" data-id=\"75e92f5\" data-element_type=\"column\" data-e-type=\"column\" data-settings=\"{&quot;background_background&quot;:&quot;classic&quot;}\">\n\t\t\t<div class=\"elementor-widget-wrap elementor-element-populated\">\n\t\t\t\t\t\t<div class=\"elementor-element elementor-element-7ba33a5 elementor-view-stacked elementor-shape-circle elementor-position-block-start elementor-mobile-position-block-start elementor-widget elementor-widget-icon-box\" data-id=\"7ba33a5\" data-element_type=\"widget\" data-e-type=\"widget\" data-widget_type=\"icon-box.default\">\n\t\t\t\t<div class=\"elementor-widget-container\">\n\t\t\t\t\t\t\t<div class=\"elementor-icon-box-wrapper\">\n\n\t\t\t\t\t\t<div class=\"elementor-icon-box-icon\">\n\t\t\t\t<a href=\"https:\/\/xn--brneuniverset-bnb.dk\/index.php\/kontakt-os\/\" class=\"elementor-icon elementor-animation-grow\" tabindex=\"-1\" aria-label=\"Kontakt os\">\n\t\t\t\t<i aria-hidden=\"true\" class=\"fas fa-mail-bulk\"><\/i>\t\t\t\t<\/a>\n\t\t\t<\/div>\n\t\t\t\n\t\t\t\t\t\t<div class=\"elementor-icon-box-content\">\n\n\t\t\t\t\t\t\t\t\t<h3 class=\"elementor-icon-box-title\">\n\t\t\t\t\t\t<a href=\"https:\/\/xn--brneuniverset-bnb.dk\/index.php\/kontakt-os\/\" >\n\t\t\t\t\t\t\tKontakt os\t\t\t\t\t\t<\/a>\n\t\t\t\t\t<\/h3>\n\t\t\t\t\n\t\t\t\t\n\t\t\t<\/div>\n\t\t\t\n\t\t<\/div>\n\t\t\t\t\t\t<\/div>\n\t\t\t\t<\/div>\n\t\t\t\t<div class=\"elementor-element elementor-element-3292dd9 elementor-widget elementor-widget-image\" data-id=\"3292dd9\" data-element_type=\"widget\" data-e-type=\"widget\" data-widget_type=\"image.default\">\n\t\t\t\t<div class=\"elementor-widget-container\">\n\t\t\t\t\t\t\t\t\t\t\t\t\t\t\t\t<a href=\"https:\/\/hjernebarnet.dk\">\n\t\t\t\t\t\t\t<img fetchpriority=\"high\" decoding=\"async\" width=\"400\" height=\"400\" src=\"https:\/\/i0.wp.com\/xn--brneuniverset-bnb.dk\/wp-content\/uploads\/2025\/07\/Sponsor-badge.png?fit=400%2C400&amp;ssl=1\" class=\"attachment-large size-large wp-image-6506\" alt=\"\" srcset=\"https:\/\/i0.wp.com\/xn--brneuniverset-bnb.dk\/wp-content\/uploads\/2025\/07\/Sponsor-badge.png?w=400&amp;ssl=1 400w, https:\/\/i0.wp.com\/xn--brneuniverset-bnb.dk\/wp-content\/uploads\/2025\/07\/Sponsor-badge.png?resize=300%2C300&amp;ssl=1 300w, https:\/\/i0.wp.com\/xn--brneuniverset-bnb.dk\/wp-content\/uploads\/2025\/07\/Sponsor-badge.png?resize=150%2C150&amp;ssl=1 150w\" sizes=\"(max-width: 400px) 100vw, 400px\" \/>\t\t\t\t\t\t\t\t<\/a>\n\t\t\t\t\t\t\t\t\t\t\t\t\t\t\t<\/div>\n\t\t\t\t<\/div>\n\t\t\t\t<div class=\"elementor-element elementor-element-d471ea5 elementor-widget elementor-widget-image\" data-id=\"d471ea5\" data-element_type=\"widget\" data-e-type=\"widget\" data-widget_type=\"image.default\">\n\t\t\t\t<div class=\"elementor-widget-container\">\n\t\t\t\t\t\t\t\t\t\t\t\t\t\t\t<img decoding=\"async\" width=\"150\" height=\"150\" src=\"https:\/\/i0.wp.com\/xn--brneuniverset-bnb.dk\/wp-content\/uploads\/2024\/04\/Logo-uden-tekst.png?resize=150%2C150&amp;ssl=1\" class=\"attachment-thumbnail size-thumbnail wp-image-6418\" alt=\"\" srcset=\"https:\/\/i0.wp.com\/xn--brneuniverset-bnb.dk\/wp-content\/uploads\/2024\/04\/Logo-uden-tekst.png?resize=150%2C150&amp;ssl=1 150w, https:\/\/i0.wp.com\/xn--brneuniverset-bnb.dk\/wp-content\/uploads\/2024\/04\/Logo-uden-tekst.png?zoom=2&amp;resize=150%2C150&amp;ssl=1 300w, https:\/\/i0.wp.com\/xn--brneuniverset-bnb.dk\/wp-content\/uploads\/2024\/04\/Logo-uden-tekst.png?zoom=3&amp;resize=150%2C150&amp;ssl=1 450w\" sizes=\"(max-width: 150px) 100vw, 150px\" \/>\t\t\t\t\t\t\t\t\t\t\t\t\t\t\t<\/div>\n\t\t\t\t<\/div>\n\t\t\t\t\t<\/div>\n\t\t<\/div>\n\t\t\t\t\t<\/div>\n\t\t<\/section>\n\t\t\t\t\t<\/div>\n\t\t<\/div>\n\t\t\t\t\t<\/div>\n\t\t<\/section>\n\t\t\t\t<section class=\"elementor-section elementor-top-section elementor-element elementor-element-51806c28 elementor-section-full_width elementor-section-height-min-height elementor-section-content-middle elementor-section-height-default elementor-section-items-middle\" data-id=\"51806c28\" data-element_type=\"section\" data-e-type=\"section\" data-settings=\"{&quot;background_background&quot;:&quot;classic&quot;}\">\n\t\t\t\t\t\t<div class=\"elementor-container elementor-column-gap-no\">\n\t\t\t\t\t<div class=\"elementor-column elementor-col-100 elementor-top-column elementor-element elementor-element-1e74194b\" data-id=\"1e74194b\" data-element_type=\"column\" data-e-type=\"column\">\n\t\t\t<div class=\"elementor-widget-wrap elementor-element-populated\">\n\t\t\t\t\t\t<div class=\"elementor-element elementor-element-77171ad7 elementor-widget elementor-widget-image\" data-id=\"77171ad7\" data-element_type=\"widget\" data-e-type=\"widget\" data-widget_type=\"image.default\">\n\t\t\t\t<div class=\"elementor-widget-container\">\n\t\t\t\t\t\t\t\t\t\t\t\t\t\t\t<img data-recalc-dims=\"1\" decoding=\"async\" src=\"https:\/\/i0.wp.com\/xn--brneuniverset-bnb.dk\/wp-content\/uploads\/2023\/03\/boerneuniverset-atma-moerk.jpg?w=0&#038;ssl=1\" title=\"\" alt=\"\" loading=\"lazy\" \/>\t\t\t\t\t\t\t\t\t\t\t\t\t\t\t<\/div>\n\t\t\t\t<\/div>\n\t\t\t\t\t<\/div>\n\t\t<\/div>\n\t\t\t\t\t<\/div>\n\t\t<\/section>\n\t\t\t\t<\/div>\n\t\t","protected":false},"excerpt":{"rendered":"<p>Velkommen til B\u00f8rneuniversets Hjemmetr\u00e6ning \u00a0 &#8230; hvor h\u00f8j faglighed g\u00e5r h\u00e5nd i h\u00e5nd med n\u00e6rv\u00e6r og kreativitet. Velkommen til B\u00f8rneuniversets Hjemmetr\u00e6ning. Vi har i mange \u00e5r br\u00e6ndt for og arbejdet indenfor specialomr\u00e5det. I vores ergoterapeutiske hjemmetr\u00e6ningskoncept kombinerer vores viden, erfaring og analyserende tilgang med en n\u00e6rv\u00e6rende og skr\u00e6ddersyet indsats. Hos os f\u00e5r I den samme&#8230;<\/p>\n","protected":false},"author":1,"featured_media":0,"parent":0,"menu_order":0,"comment_status":"closed","ping_status":"closed","template":"","meta":{"_lmt_disableupdate":"","_lmt_disable":"","_kadence_starter_templates_imported_post":false,"_kad_post_transparent":"","_kad_post_title":"hide","_kad_post_layout":"fullwidth","_kad_post_sidebar_id":"","_kad_post_content_style":"unboxed","_kad_post_vertical_padding":"hide","_kad_post_feature":"hide","_kad_post_feature_position":"","_kad_post_header":false,"_kad_post_footer":false,"footnotes":""},"class_list":["post-7","page","type-page","status-publish","hentry"],"yoast_head":"<!-- This site is optimized with the Yoast SEO plugin v27.5 - https:\/\/yoast.com\/product\/yoast-seo-wordpress\/ -->\n<title>B\u00f8rneuniverset hjemmetr\u00e6ning - b\u00f8rneuniverset.dk<\/title>\n<meta name=\"robots\" content=\"index, follow, max-snippet:-1, max-image-preview:large, max-video-preview:-1\" \/>\n<link rel=\"canonical\" href=\"https:\/\/xn--brneuniverset-bnb.dk\/\" \/>\n<meta property=\"og:locale\" content=\"da_DK\" \/>\n<meta property=\"og:type\" content=\"article\" \/>\n<meta property=\"og:title\" content=\"B\u00f8rneuniverset hjemmetr\u00e6ning - b\u00f8rneuniverset.dk\" \/>\n<meta property=\"og:description\" content=\"Velkommen til B\u00f8rneuniversets Hjemmetr\u00e6ning \u00a0 &#8230; hvor h\u00f8j faglighed g\u00e5r h\u00e5nd i h\u00e5nd med n\u00e6rv\u00e6r og kreativitet. Velkommen til B\u00f8rneuniversets Hjemmetr\u00e6ning. Vi har i mange \u00e5r br\u00e6ndt for og arbejdet indenfor specialomr\u00e5det. I vores ergoterapeutiske hjemmetr\u00e6ningskoncept kombinerer vores viden, erfaring og analyserende tilgang med en n\u00e6rv\u00e6rende og skr\u00e6ddersyet indsats. Hos os f\u00e5r I den samme...\" \/>\n<meta property=\"og:url\" content=\"https:\/\/xn--brneuniverset-bnb.dk\/\" \/>\n<meta property=\"og:site_name\" content=\"b\u00f8rneuniverset.dk\" \/>\n<meta property=\"article:modified_time\" content=\"2025-07-03T18:44:41+00:00\" \/>\n<meta property=\"og:image\" content=\"https:\/\/xn--brneuniverset-bnb.dk\/wp-content\/uploads\/2025\/07\/Sponsor-badge.png\" \/>\n<meta name=\"twitter:card\" content=\"summary_large_image\" \/>\n<meta name=\"twitter:label1\" content=\"Estimeret l\u00e6setid\" \/>\n\t<meta name=\"twitter:data1\" content=\"2 minutter\" \/>\n<script type=\"application\/ld+json\" class=\"yoast-schema-graph\">{\"@context\":\"https:\\\/\\\/schema.org\",\"@graph\":[{\"@type\":\"WebPage\",\"@id\":\"https:\\\/\\\/xn--brneuniverset-bnb.dk\\\/\",\"url\":\"https:\\\/\\\/xn--brneuniverset-bnb.dk\\\/\",\"name\":\"B\u00f8rneuniverset hjemmetr\u00e6ning - b\u00f8rneuniverset.dk\",\"isPartOf\":{\"@id\":\"https:\\\/\\\/xn--brneuniverset-bnb.dk\\\/#website\"},\"primaryImageOfPage\":{\"@id\":\"https:\\\/\\\/xn--brneuniverset-bnb.dk\\\/#primaryimage\"},\"image\":{\"@id\":\"https:\\\/\\\/xn--brneuniverset-bnb.dk\\\/#primaryimage\"},\"thumbnailUrl\":\"https:\\\/\\\/xn--brneuniverset-bnb.dk\\\/wp-content\\\/uploads\\\/2025\\\/07\\\/Sponsor-badge.png\",\"datePublished\":\"2023-02-25T12:15:05+00:00\",\"dateModified\":\"2025-07-03T18:44:41+00:00\",\"breadcrumb\":{\"@id\":\"https:\\\/\\\/xn--brneuniverset-bnb.dk\\\/#breadcrumb\"},\"inLanguage\":\"da-DK\",\"potentialAction\":[{\"@type\":\"ReadAction\",\"target\":[\"https:\\\/\\\/xn--brneuniverset-bnb.dk\\\/\"]}]},{\"@type\":\"ImageObject\",\"inLanguage\":\"da-DK\",\"@id\":\"https:\\\/\\\/xn--brneuniverset-bnb.dk\\\/#primaryimage\",\"url\":\"https:\\\/\\\/i0.wp.com\\\/xn--brneuniverset-bnb.dk\\\/wp-content\\\/uploads\\\/2025\\\/07\\\/Sponsor-badge.png?fit=400%2C400&ssl=1\",\"contentUrl\":\"https:\\\/\\\/i0.wp.com\\\/xn--brneuniverset-bnb.dk\\\/wp-content\\\/uploads\\\/2025\\\/07\\\/Sponsor-badge.png?fit=400%2C400&ssl=1\",\"width\":400,\"height\":400},{\"@type\":\"BreadcrumbList\",\"@id\":\"https:\\\/\\\/xn--brneuniverset-bnb.dk\\\/#breadcrumb\",\"itemListElement\":[{\"@type\":\"ListItem\",\"position\":1,\"name\":\"Hjem\",\"item\":\"https:\\\/\\\/xn--brneuniverset-bnb.dk\\\/\"},{\"@type\":\"ListItem\",\"position\":2,\"name\":\"B\u00f8rneuniverset hjemmetr\u00e6ning\"}]},{\"@type\":\"WebSite\",\"@id\":\"https:\\\/\\\/xn--brneuniverset-bnb.dk\\\/#website\",\"url\":\"https:\\\/\\\/xn--brneuniverset-bnb.dk\\\/\",\"name\":\"b\u00f8rneuniverset.dk\",\"description\":\"\",\"publisher\":{\"@id\":\"https:\\\/\\\/xn--brneuniverset-bnb.dk\\\/#organization\"},\"potentialAction\":[{\"@type\":\"SearchAction\",\"target\":{\"@type\":\"EntryPoint\",\"urlTemplate\":\"https:\\\/\\\/xn--brneuniverset-bnb.dk\\\/?s={search_term_string}\"},\"query-input\":{\"@type\":\"PropertyValueSpecification\",\"valueRequired\":true,\"valueName\":\"search_term_string\"}}],\"inLanguage\":\"da-DK\"},{\"@type\":\"Organization\",\"@id\":\"https:\\\/\\\/xn--brneuniverset-bnb.dk\\\/#organization\",\"name\":\"b\u00f8rneuniverset.dk\",\"url\":\"https:\\\/\\\/xn--brneuniverset-bnb.dk\\\/\",\"logo\":{\"@type\":\"ImageObject\",\"inLanguage\":\"da-DK\",\"@id\":\"https:\\\/\\\/xn--brneuniverset-bnb.dk\\\/#\\\/schema\\\/logo\\\/image\\\/\",\"url\":\"https:\\\/\\\/i0.wp.com\\\/xn--brneuniverset-bnb.dk\\\/wp-content\\\/uploads\\\/2024\\\/04\\\/cropped-LogoBU-100-H-1.png?fit=3508%2C1405&ssl=1\",\"contentUrl\":\"https:\\\/\\\/i0.wp.com\\\/xn--brneuniverset-bnb.dk\\\/wp-content\\\/uploads\\\/2024\\\/04\\\/cropped-LogoBU-100-H-1.png?fit=3508%2C1405&ssl=1\",\"width\":3508,\"height\":1405,\"caption\":\"b\u00f8rneuniverset.dk\"},\"image\":{\"@id\":\"https:\\\/\\\/xn--brneuniverset-bnb.dk\\\/#\\\/schema\\\/logo\\\/image\\\/\"}}]}<\/script>\n<!-- \/ Yoast SEO plugin. -->","yoast_head_json":{"title":"B\u00f8rneuniverset hjemmetr\u00e6ning - b\u00f8rneuniverset.dk","robots":{"index":"index","follow":"follow","max-snippet":"max-snippet:-1","max-image-preview":"max-image-preview:large","max-video-preview":"max-video-preview:-1"},"canonical":"https:\/\/xn--brneuniverset-bnb.dk\/","og_locale":"da_DK","og_type":"article","og_title":"B\u00f8rneuniverset hjemmetr\u00e6ning - b\u00f8rneuniverset.dk","og_description":"Velkommen til B\u00f8rneuniversets Hjemmetr\u00e6ning \u00a0 &#8230; hvor h\u00f8j faglighed g\u00e5r h\u00e5nd i h\u00e5nd med n\u00e6rv\u00e6r og kreativitet. Velkommen til B\u00f8rneuniversets Hjemmetr\u00e6ning. Vi har i mange \u00e5r br\u00e6ndt for og arbejdet indenfor specialomr\u00e5det. I vores ergoterapeutiske hjemmetr\u00e6ningskoncept kombinerer vores viden, erfaring og analyserende tilgang med en n\u00e6rv\u00e6rende og skr\u00e6ddersyet indsats. Hos os f\u00e5r I den samme...","og_url":"https:\/\/xn--brneuniverset-bnb.dk\/","og_site_name":"b\u00f8rneuniverset.dk","article_modified_time":"2025-07-03T18:44:41+00:00","og_image":[{"url":"https:\/\/xn--brneuniverset-bnb.dk\/wp-content\/uploads\/2025\/07\/Sponsor-badge.png","type":"","width":"","height":""}],"twitter_card":"summary_large_image","twitter_misc":{"Estimeret l\u00e6setid":"2 minutter"},"schema":{"@context":"https:\/\/schema.org","@graph":[{"@type":"WebPage","@id":"https:\/\/xn--brneuniverset-bnb.dk\/","url":"https:\/\/xn--brneuniverset-bnb.dk\/","name":"B\u00f8rneuniverset hjemmetr\u00e6ning - b\u00f8rneuniverset.dk","isPartOf":{"@id":"https:\/\/xn--brneuniverset-bnb.dk\/#website"},"primaryImageOfPage":{"@id":"https:\/\/xn--brneuniverset-bnb.dk\/#primaryimage"},"image":{"@id":"https:\/\/xn--brneuniverset-bnb.dk\/#primaryimage"},"thumbnailUrl":"https:\/\/xn--brneuniverset-bnb.dk\/wp-content\/uploads\/2025\/07\/Sponsor-badge.png","datePublished":"2023-02-25T12:15:05+00:00","dateModified":"2025-07-03T18:44:41+00:00","breadcrumb":{"@id":"https:\/\/xn--brneuniverset-bnb.dk\/#breadcrumb"},"inLanguage":"da-DK","potentialAction":[{"@type":"ReadAction","target":["https:\/\/xn--brneuniverset-bnb.dk\/"]}]},{"@type":"ImageObject","inLanguage":"da-DK","@id":"https:\/\/xn--brneuniverset-bnb.dk\/#primaryimage","url":"https:\/\/i0.wp.com\/xn--brneuniverset-bnb.dk\/wp-content\/uploads\/2025\/07\/Sponsor-badge.png?fit=400%2C400&ssl=1","contentUrl":"https:\/\/i0.wp.com\/xn--brneuniverset-bnb.dk\/wp-content\/uploads\/2025\/07\/Sponsor-badge.png?fit=400%2C400&ssl=1","width":400,"height":400},{"@type":"BreadcrumbList","@id":"https:\/\/xn--brneuniverset-bnb.dk\/#breadcrumb","itemListElement":[{"@type":"ListItem","position":1,"name":"Hjem","item":"https:\/\/xn--brneuniverset-bnb.dk\/"},{"@type":"ListItem","position":2,"name":"B\u00f8rneuniverset hjemmetr\u00e6ning"}]},{"@type":"WebSite","@id":"https:\/\/xn--brneuniverset-bnb.dk\/#website","url":"https:\/\/xn--brneuniverset-bnb.dk\/","name":"b\u00f8rneuniverset.dk","description":"","publisher":{"@id":"https:\/\/xn--brneuniverset-bnb.dk\/#organization"},"potentialAction":[{"@type":"SearchAction","target":{"@type":"EntryPoint","urlTemplate":"https:\/\/xn--brneuniverset-bnb.dk\/?s={search_term_string}"},"query-input":{"@type":"PropertyValueSpecification","valueRequired":true,"valueName":"search_term_string"}}],"inLanguage":"da-DK"},{"@type":"Organization","@id":"https:\/\/xn--brneuniverset-bnb.dk\/#organization","name":"b\u00f8rneuniverset.dk","url":"https:\/\/xn--brneuniverset-bnb.dk\/","logo":{"@type":"ImageObject","inLanguage":"da-DK","@id":"https:\/\/xn--brneuniverset-bnb.dk\/#\/schema\/logo\/image\/","url":"https:\/\/i0.wp.com\/xn--brneuniverset-bnb.dk\/wp-content\/uploads\/2024\/04\/cropped-LogoBU-100-H-1.png?fit=3508%2C1405&ssl=1","contentUrl":"https:\/\/i0.wp.com\/xn--brneuniverset-bnb.dk\/wp-content\/uploads\/2024\/04\/cropped-LogoBU-100-H-1.png?fit=3508%2C1405&ssl=1","width":3508,"height":1405,"caption":"b\u00f8rneuniverset.dk"},"image":{"@id":"https:\/\/xn--brneuniverset-bnb.dk\/#\/schema\/logo\/image\/"}}]}},"jetpack-related-posts":[],"jetpack_sharing_enabled":true,"_links":{"self":[{"href":"https:\/\/xn--brneuniverset-bnb.dk\/index.php\/wp-json\/wp\/v2\/pages\/7","targetHints":{"allow":["GET"]}}],"collection":[{"href":"https:\/\/xn--brneuniverset-bnb.dk\/index.php\/wp-json\/wp\/v2\/pages"}],"about":[{"href":"https:\/\/xn--brneuniverset-bnb.dk\/index.php\/wp-json\/wp\/v2\/types\/page"}],"author":[{"embeddable":true,"href":"https:\/\/xn--brneuniverset-bnb.dk\/index.php\/wp-json\/wp\/v2\/users\/1"}],"replies":[{"embeddable":true,"href":"https:\/\/xn--brneuniverset-bnb.dk\/index.php\/wp-json\/wp\/v2\/comments?post=7"}],"version-history":[{"count":944,"href":"https:\/\/xn--brneuniverset-bnb.dk\/index.php\/wp-json\/wp\/v2\/pages\/7\/revisions"}],"predecessor-version":[{"id":6512,"href":"https:\/\/xn--brneuniverset-bnb.dk\/index.php\/wp-json\/wp\/v2\/pages\/7\/revisions\/6512"}],"wp:attachment":[{"href":"https:\/\/xn--brneuniverset-bnb.dk\/index.php\/wp-json\/wp\/v2\/media?parent=7"}],"curies":[{"name":"wp","href":"https:\/\/api.w.org\/{rel}","templated":true}]}}